{"id":908,"date":"2020-08-25T14:15:23","date_gmt":"2020-08-25T18:15:23","guid":{"rendered":"https:\/\/www.profaw.cl\/producto\/import-placeholder-for-37\/"},"modified":"2024-11-20T18:24:38","modified_gmt":"2024-11-20T21:24:38","slug":"lampara-posillo-cajita","status":"publish","type":"product","link":"https:\/\/www.profaw.cl\/en\/lampara-posillo-cajita\/","title":{"rendered":"Lampara- posillo-cajita"},"content":{"rendered":"<p>POSILLO &#8211; Y L\u00c1MPARA DE\u00a0 PIEDRA TOBA la piedra toba es extra\u00edda de los cerros de Quinom\u00e1vida Regi\u00f3n del ma\u00fale, se caracteriza por su color verde claro a blanco y su suavidad una vez pulida. La piedra toba es ceniza volc\u00e1nica petrificada lo que da para la formaci\u00f3n de un dise\u00f1o \u00fanico. La piedra toba data desde hace 30 millones de a\u00f1os tambi\u00e9n se caracteriza por contener, una serie de elementos favorables para la salud y el medio ambiente. Adem\u00e1s por tener una artesan\u00eda hasta el momento \u00fanica en la localidad de Quinomavida Regi\u00f3n del ma\u00fale CHILE, la toba tambi\u00e9n se utiliza\u00a0 para elaboraci\u00f3n de guateros terap\u00e9uticos etc .No dudes en obtener un dise\u00f1o de piedra toba.<\/p>\n<p>POSILLO DIMENSION- largo170 mm &#8211; ancho140 mm- alto60 mm &#8211; PESO 900 gs<\/p>\n<p>LAMPARA DIMENSION- largo 14cm- ancho10cm- alto30cm- peso 2k.<\/p>","protected":false},"excerpt":{"rendered":"<p>PIEDRA TOBA<\/p>","protected":false},"featured_media":3034,"comment_status":"open","ping_status":"closed","template":"","meta":{"_kad_blocks_custom_css":"","_kad_blocks_head_custom_js":"","_kad_blocks_body_custom_js":"","_kad_blocks_footer_custom_js":"","_kad_post_transparent":"default","_kad_post_title":"","_kad_post_layout":"default","_kad_post_sidebar_id":"","_kad_post_content_style":"default","_kad_post_vertical_padding":"default","_kad_post_feature":"","_kad_post_feature_position":"","_kad_post_header":false,"_kad_post_footer":false,"_kad_post_classname":""},"product_brand":[],"product_cat":[67],"product_tag":[27],"class_list":{"0":"post-908","1":"product","2":"type-product","3":"status-publish","4":"has-post-thumbnail","6":"product_cat-toba-piedra","7":"product_tag-quinamavida","9":"first","10":"instock","11":"shipping-taxable","12":"purchasable","13":"product-type-simple","14":"entry","15":"content-bg","16":"loop-entry"},"taxonomy_info":{"product_cat":[{"value":67,"label":"Toba Piedra"}],"product_tag":[{"value":27,"label":"Quinamavida"}]},"featured_image_src_large":["https:\/\/www.profaw.cl\/wp-content\/uploads\/2020\/12\/Toba-lampara-Navidad-scaled-e1607118400529-1024x916.jpg",1024,916,true],"author_info":[],"comment_info":0,"_links":{"self":[{"href":"https:\/\/www.profaw.cl\/en\/wp-json\/wp\/v2\/product\/908","targetHints":{"allow":["GET"]}}],"collection":[{"href":"https:\/\/www.profaw.cl\/en\/wp-json\/wp\/v2\/product"}],"about":[{"href":"https:\/\/www.profaw.cl\/en\/wp-json\/wp\/v2\/types\/product"}],"replies":[{"embeddable":true,"href":"https:\/\/www.profaw.cl\/en\/wp-json\/wp\/v2\/comments?post=908"}],"wp:featuredmedia":[{"embeddable":true,"href":"https:\/\/www.profaw.cl\/en\/wp-json\/wp\/v2\/media\/3034"}],"wp:attachment":[{"href":"https:\/\/www.profaw.cl\/en\/wp-json\/wp\/v2\/media?parent=908"}],"wp:term":[{"taxonomy":"product_brand","embeddable":true,"href":"https:\/\/www.profaw.cl\/en\/wp-json\/wp\/v2\/product_brand?post=908"},{"taxonomy":"product_cat","embeddable":true,"href":"https:\/\/www.profaw.cl\/en\/wp-json\/wp\/v2\/product_cat?post=908"},{"taxonomy":"product_tag","embeddable":true,"href":"https:\/\/www.profaw.cl\/en\/wp-json\/wp\/v2\/product_tag?post=908"}],"curies":[{"name":"wp","href":"https:\/\/api.w.org\/{rel}","templated":true}]}}