{"id":906,"date":"2020-08-25T14:15:22","date_gmt":"2020-08-25T18:15:22","guid":{"rendered":"https:\/\/www.profaw.cl\/producto\/import-placeholder-for-35\/"},"modified":"2024-11-20T18:24:41","modified_gmt":"2024-11-20T21:24:41","slug":"lampara","status":"publish","type":"product","link":"https:\/\/www.profaw.cl\/en\/lampara\/","title":{"rendered":"Lampara De Piedra Toba"},"content":{"rendered":"<p>Lampara de piedra toba color verde agua<\/p>\n<p>La piedra toba es extra\u00edda de los cerros de Quinam\u00e1vida, en la 7 Regi\u00f3n y se caracteriza por su color que varia de verde claro a blanco y por su suavidad una vez pulida.<\/p>\n<p>Dimensiones-\u00a0 largo 14 cm &#8211; ancho 10 cm- alto 30 cm &#8211; peso 2 kg.<\/p>","protected":false},"excerpt":{"rendered":"<p>LAMPARA DE PIEDRA TOBA<\/p>","protected":false},"featured_media":1028,"comment_status":"open","ping_status":"closed","template":"","meta":{"_kad_blocks_custom_css":"","_kad_blocks_head_custom_js":"","_kad_blocks_body_custom_js":"","_kad_blocks_footer_custom_js":"","_kad_post_transparent":"default","_kad_post_title":"","_kad_post_layout":"default","_kad_post_sidebar_id":"","_kad_post_content_style":"default","_kad_post_vertical_padding":"default","_kad_post_feature":"","_kad_post_feature_position":"","_kad_post_header":false,"_kad_post_footer":false,"_kad_post_classname":""},"product_brand":[],"product_cat":[67],"product_tag":[27],"class_list":{"0":"post-906","1":"product","2":"type-product","3":"status-publish","4":"has-post-thumbnail","6":"product_cat-toba-piedra","7":"product_tag-quinamavida","9":"first","10":"instock","11":"sold-individually","12":"shipping-taxable","13":"purchasable","14":"product-type-simple","15":"entry","16":"content-bg","17":"loop-entry"},"taxonomy_info":{"product_cat":[{"value":67,"label":"Toba Piedra"}],"product_tag":[{"value":27,"label":"Quinamavida"}]},"featured_image_src_large":["https:\/\/www.profaw.cl\/wp-content\/uploads\/2020\/08\/35-1024x683.jpg",1024,683,true],"author_info":[],"comment_info":0,"_links":{"self":[{"href":"https:\/\/www.profaw.cl\/en\/wp-json\/wp\/v2\/product\/906","targetHints":{"allow":["GET"]}}],"collection":[{"href":"https:\/\/www.profaw.cl\/en\/wp-json\/wp\/v2\/product"}],"about":[{"href":"https:\/\/www.profaw.cl\/en\/wp-json\/wp\/v2\/types\/product"}],"replies":[{"embeddable":true,"href":"https:\/\/www.profaw.cl\/en\/wp-json\/wp\/v2\/comments?post=906"}],"wp:featuredmedia":[{"embeddable":true,"href":"https:\/\/www.profaw.cl\/en\/wp-json\/wp\/v2\/media\/1028"}],"wp:attachment":[{"href":"https:\/\/www.profaw.cl\/en\/wp-json\/wp\/v2\/media?parent=906"}],"wp:term":[{"taxonomy":"product_brand","embeddable":true,"href":"https:\/\/www.profaw.cl\/en\/wp-json\/wp\/v2\/product_brand?post=906"},{"taxonomy":"product_cat","embeddable":true,"href":"https:\/\/www.profaw.cl\/en\/wp-json\/wp\/v2\/product_cat?post=906"},{"taxonomy":"product_tag","embeddable":true,"href":"https:\/\/www.profaw.cl\/en\/wp-json\/wp\/v2\/product_tag?post=906"}],"curies":[{"name":"wp","href":"https:\/\/api.w.org\/{rel}","templated":true}]}}