{"id":905,"date":"2020-08-25T14:15:22","date_gmt":"2020-08-25T18:15:22","guid":{"rendered":"https:\/\/www.profaw.cl\/producto\/import-placeholder-for-34\/"},"modified":"2024-11-20T18:26:18","modified_gmt":"2024-11-20T21:26:18","slug":"colgante-con-espejo","status":"publish","type":"product","link":"https:\/\/www.profaw.cl\/en\/colgante-con-espejo\/","title":{"rendered":"Colgante Con Espejo"},"content":{"rendered":"<p>TELAR ESPEJO COLGANTE<\/p>\n<p>Elaborado por artesana de la Regi\u00f3n del maule, hecho a mano en telar circular con t\u00e9cnicas mixtas y colores de la tierra . Esta obra representa el significado de kultr\u00fan , que indica la cosmovisi\u00f3n del pueblo mapuche, obra\u00a0 personalizada ideal para sacar las malas vibras, obra con\u00a0 identidad y cultura en la Regi\u00f3n.<\/p>\n<p>DIMENSIONES- largo15cm- ancho 30cm- alto 1 cm.<\/p>","protected":false},"excerpt":{"rendered":"<p>MURAL PARA SACAR MALAS VIBRAS<\/p>","protected":false},"featured_media":1024,"comment_status":"open","ping_status":"closed","template":"","meta":{"_kad_blocks_custom_css":"","_kad_blocks_head_custom_js":"","_kad_blocks_body_custom_js":"","_kad_blocks_footer_custom_js":"","_kad_post_transparent":"default","_kad_post_title":"","_kad_post_layout":"default","_kad_post_sidebar_id":"","_kad_post_content_style":"default","_kad_post_vertical_padding":"default","_kad_post_feature":"","_kad_post_feature_position":"","_kad_post_header":false,"_kad_post_footer":false,"_kad_post_classname":""},"product_brand":[],"product_cat":[28],"product_tag":[37],"class_list":{"0":"post-905","1":"product","2":"type-product","3":"status-publish","4":"has-post-thumbnail","6":"product_cat-textil","7":"product_tag-talca","9":"first","10":"instock","11":"shipping-taxable","12":"purchasable","13":"product-type-simple","14":"entry","15":"content-bg","16":"loop-entry"},"taxonomy_info":{"product_cat":[{"value":28,"label":"Textil"}],"product_tag":[{"value":37,"label":"Talca"}]},"featured_image_src_large":["https:\/\/www.profaw.cl\/wp-content\/uploads\/2020\/08\/34.1-1024x683.jpg",1024,683,true],"author_info":[],"comment_info":0,"_links":{"self":[{"href":"https:\/\/www.profaw.cl\/en\/wp-json\/wp\/v2\/product\/905","targetHints":{"allow":["GET"]}}],"collection":[{"href":"https:\/\/www.profaw.cl\/en\/wp-json\/wp\/v2\/product"}],"about":[{"href":"https:\/\/www.profaw.cl\/en\/wp-json\/wp\/v2\/types\/product"}],"replies":[{"embeddable":true,"href":"https:\/\/www.profaw.cl\/en\/wp-json\/wp\/v2\/comments?post=905"}],"wp:featuredmedia":[{"embeddable":true,"href":"https:\/\/www.profaw.cl\/en\/wp-json\/wp\/v2\/media\/1024"}],"wp:attachment":[{"href":"https:\/\/www.profaw.cl\/en\/wp-json\/wp\/v2\/media?parent=905"}],"wp:term":[{"taxonomy":"product_brand","embeddable":true,"href":"https:\/\/www.profaw.cl\/en\/wp-json\/wp\/v2\/product_brand?post=905"},{"taxonomy":"product_cat","embeddable":true,"href":"https:\/\/www.profaw.cl\/en\/wp-json\/wp\/v2\/product_cat?post=905"},{"taxonomy":"product_tag","embeddable":true,"href":"https:\/\/www.profaw.cl\/en\/wp-json\/wp\/v2\/product_tag?post=905"}],"curies":[{"name":"wp","href":"https:\/\/api.w.org\/{rel}","templated":true}]}}