{"id":871,"date":"2020-08-25T14:15:17","date_gmt":"2020-08-25T18:15:17","guid":{"rendered":"https:\/\/www.profaw.cl\/producto\/import-placeholder-for-30\/"},"modified":"2024-11-20T18:26:30","modified_gmt":"2024-11-20T21:26:30","slug":"par-de-aros-globitos-de-crin","status":"publish","type":"product","link":"https:\/\/www.profaw.cl\/en\/par-de-aros-globitos-de-crin\/","title":{"rendered":"Par De Aros &#8211; Globitos De Crin"},"content":{"rendered":"<p>COLGANTES EN CR\u00cdN DE RAR\u00cd la realizaci\u00f3n de esta obra de artesan\u00eda fue tejida minuciosamente por artesana solo con sus manos. Las principales labores vinculadas a la artesan\u00eda en crin consisten, en buscar la materia prima preparar la crin hacer la urdimbre y el entramado, dise\u00f1ar nuevas figuras y rematar el tejido. Es un trabajo largo para lograr una obra de arte en crin, estos hermosos colgantes se componen de gancho envejecido y globitos de crin, ademas destacan sus colores\u00a0 te\u00f1idos con anilina vegetal gatty producto hipoalerg\u00e9nico.<\/p>\n<p>DIMENSIONES &#8211; alto 700 mm &#8211; ancho 40 mm.<\/p>","protected":false},"excerpt":{"rendered":"<p>CRIN &#8211; LOCALIDAD DE RARI<\/p>","protected":false},"featured_media":2994,"comment_status":"open","ping_status":"closed","template":"","meta":{"_kad_blocks_custom_css":"","_kad_blocks_head_custom_js":"","_kad_blocks_body_custom_js":"","_kad_blocks_footer_custom_js":"","_kad_post_transparent":"default","_kad_post_title":"","_kad_post_layout":"default","_kad_post_sidebar_id":"","_kad_post_content_style":"default","_kad_post_vertical_padding":"default","_kad_post_feature":"","_kad_post_feature_position":"","_kad_post_header":false,"_kad_post_footer":false,"_kad_post_classname":""},"product_brand":[],"product_cat":[39],"product_tag":[40],"class_list":{"0":"post-871","1":"product","2":"type-product","3":"status-publish","4":"has-post-thumbnail","6":"product_cat-crin","7":"product_tag-rari","9":"first","10":"instock","11":"shipping-taxable","12":"purchasable","13":"product-type-simple","14":"entry","15":"content-bg","16":"loop-entry"},"taxonomy_info":{"product_cat":[{"value":39,"label":"Crin"}],"product_tag":[{"value":40,"label":"Rari"}]},"featured_image_src_large":["https:\/\/www.profaw.cl\/wp-content\/uploads\/2020\/11\/IMG_20201031_173319-1024x512.jpg",1024,512,true],"author_info":[],"comment_info":0,"_links":{"self":[{"href":"https:\/\/www.profaw.cl\/en\/wp-json\/wp\/v2\/product\/871","targetHints":{"allow":["GET"]}}],"collection":[{"href":"https:\/\/www.profaw.cl\/en\/wp-json\/wp\/v2\/product"}],"about":[{"href":"https:\/\/www.profaw.cl\/en\/wp-json\/wp\/v2\/types\/product"}],"replies":[{"embeddable":true,"href":"https:\/\/www.profaw.cl\/en\/wp-json\/wp\/v2\/comments?post=871"}],"wp:featuredmedia":[{"embeddable":true,"href":"https:\/\/www.profaw.cl\/en\/wp-json\/wp\/v2\/media\/2994"}],"wp:attachment":[{"href":"https:\/\/www.profaw.cl\/en\/wp-json\/wp\/v2\/media?parent=871"}],"wp:term":[{"taxonomy":"product_brand","embeddable":true,"href":"https:\/\/www.profaw.cl\/en\/wp-json\/wp\/v2\/product_brand?post=871"},{"taxonomy":"product_cat","embeddable":true,"href":"https:\/\/www.profaw.cl\/en\/wp-json\/wp\/v2\/product_cat?post=871"},{"taxonomy":"product_tag","embeddable":true,"href":"https:\/\/www.profaw.cl\/en\/wp-json\/wp\/v2\/product_tag?post=871"}],"curies":[{"name":"wp","href":"https:\/\/api.w.org\/{rel}","templated":true}]}}