{"id":869,"date":"2020-08-25T14:15:17","date_gmt":"2020-08-25T18:15:17","guid":{"rendered":"https:\/\/www.profaw.cl\/producto\/import-placeholder-for-28\/"},"modified":"2024-11-20T18:27:03","modified_gmt":"2024-11-20T21:27:03","slug":"pareja-de-huasos-en-crin","status":"publish","type":"product","link":"https:\/\/www.profaw.cl\/en\/pareja-de-huasos-en-crin\/","title":{"rendered":"Couple of Huasos"},"content":{"rendered":"<p>HUASOS EN CR\u00cdN\u00a0 artesan\u00eda realizada en base al reciclado de la cola de caballo, es un trabajo muy hermoso que conlleva mucho tiempo y dedicaci\u00f3n, amor se comienza por tener la materia prima, desinfectado, lavado, y te\u00f1ido ( solo se requiere en colas blancas), secado y elegir las fibras mas conveniente ( tama\u00f1o-firmeza ) despu\u00e9s de todo este proceso comienza el tejido de un hermoso producto en cr\u00edn.( ideal para adornar tu auto)<\/p>\n<p>DIMENSIONES- ALTURA 100mm- ancho 30 mm.<\/p>","protected":false},"excerpt":{"rendered":"<p>CRIN &#8211; LOCALIDAD DE RARI<\/p>","protected":false},"featured_media":1006,"comment_status":"open","ping_status":"closed","template":"","meta":{"_kad_blocks_custom_css":"","_kad_blocks_head_custom_js":"","_kad_blocks_body_custom_js":"","_kad_blocks_footer_custom_js":"","_kad_post_transparent":"default","_kad_post_title":"","_kad_post_layout":"default","_kad_post_sidebar_id":"","_kad_post_content_style":"default","_kad_post_vertical_padding":"default","_kad_post_feature":"","_kad_post_feature_position":"","_kad_post_header":false,"_kad_post_footer":false,"_kad_post_classname":""},"product_brand":[],"product_cat":[39],"product_tag":[40],"class_list":{"0":"post-869","1":"product","2":"type-product","3":"status-publish","4":"has-post-thumbnail","6":"product_cat-crin","7":"product_tag-rari","9":"first","10":"instock","11":"shipping-taxable","12":"purchasable","13":"product-type-simple","14":"entry","15":"content-bg","16":"loop-entry"},"taxonomy_info":{"product_cat":[{"value":39,"label":"Crin"}],"product_tag":[{"value":40,"label":"Rari"}]},"featured_image_src_large":["https:\/\/www.profaw.cl\/wp-content\/uploads\/2020\/08\/28-1024x683.jpg",1024,683,true],"author_info":[],"comment_info":0,"_links":{"self":[{"href":"https:\/\/www.profaw.cl\/en\/wp-json\/wp\/v2\/product\/869","targetHints":{"allow":["GET"]}}],"collection":[{"href":"https:\/\/www.profaw.cl\/en\/wp-json\/wp\/v2\/product"}],"about":[{"href":"https:\/\/www.profaw.cl\/en\/wp-json\/wp\/v2\/types\/product"}],"replies":[{"embeddable":true,"href":"https:\/\/www.profaw.cl\/en\/wp-json\/wp\/v2\/comments?post=869"}],"wp:featuredmedia":[{"embeddable":true,"href":"https:\/\/www.profaw.cl\/en\/wp-json\/wp\/v2\/media\/1006"}],"wp:attachment":[{"href":"https:\/\/www.profaw.cl\/en\/wp-json\/wp\/v2\/media?parent=869"}],"wp:term":[{"taxonomy":"product_brand","embeddable":true,"href":"https:\/\/www.profaw.cl\/en\/wp-json\/wp\/v2\/product_brand?post=869"},{"taxonomy":"product_cat","embeddable":true,"href":"https:\/\/www.profaw.cl\/en\/wp-json\/wp\/v2\/product_cat?post=869"},{"taxonomy":"product_tag","embeddable":true,"href":"https:\/\/www.profaw.cl\/en\/wp-json\/wp\/v2\/product_tag?post=869"}],"curies":[{"name":"wp","href":"https:\/\/api.w.org\/{rel}","templated":true}]}}