{"id":857,"date":"2020-08-25T14:15:16","date_gmt":"2020-08-25T18:15:16","guid":{"rendered":"https:\/\/www.profaw.cl\/producto\/import-placeholder-for-16\/"},"modified":"2024-11-20T18:28:38","modified_gmt":"2024-11-20T21:28:38","slug":"mortero-de-dos-concavidades","status":"publish","type":"product","link":"https:\/\/www.profaw.cl\/en\/mortero-de-dos-concavidades\/","title":{"rendered":"Mortero De Dos Concavidades"},"content":{"rendered":"<p>Producto elaborado a mano dise\u00f1o \u00fanico, mortero de piedra de granito de dos concavidades para elaboraci\u00f3n de este producto el bol\u00f3n fue extra\u00eddo del\u00a0 r\u00edo ma\u00fale ideal para la trituraci\u00f3n de vegetales en tu hogar.<\/p>\n<p>DIMENSIONES &#8211; largo 32cm- ancho 25cm- alto10cm- peso10 k.<\/p>","protected":false},"excerpt":{"rendered":"<p>PIEDRA DE GRANITO GRIS<\/p>","protected":false},"featured_media":1374,"comment_status":"open","ping_status":"closed","template":"","meta":{"_kad_blocks_custom_css":"","_kad_blocks_head_custom_js":"","_kad_blocks_body_custom_js":"","_kad_blocks_footer_custom_js":"","_kad_post_transparent":"default","_kad_post_title":"","_kad_post_layout":"default","_kad_post_sidebar_id":"","_kad_post_content_style":"default","_kad_post_vertical_padding":"default","_kad_post_feature":"","_kad_post_feature_position":"","_kad_post_header":false,"_kad_post_footer":false,"_kad_post_classname":""},"product_brand":[],"product_cat":[33],"product_tag":[34],"class_list":{"0":"post-857","1":"product","2":"type-product","3":"status-publish","4":"has-post-thumbnail","6":"product_cat-piedra","7":"product_tag-pelarco","9":"first","10":"instock","11":"shipping-taxable","12":"purchasable","13":"product-type-simple","14":"entry","15":"content-bg","16":"loop-entry"},"taxonomy_info":{"product_cat":[{"value":33,"label":"Piedra"}],"product_tag":[{"value":34,"label":"Pelarco"}]},"featured_image_src_large":["https:\/\/www.profaw.cl\/wp-content\/uploads\/2020\/08\/16-1-1024x683.jpg",1024,683,true],"author_info":[],"comment_info":0,"_links":{"self":[{"href":"https:\/\/www.profaw.cl\/en\/wp-json\/wp\/v2\/product\/857","targetHints":{"allow":["GET"]}}],"collection":[{"href":"https:\/\/www.profaw.cl\/en\/wp-json\/wp\/v2\/product"}],"about":[{"href":"https:\/\/www.profaw.cl\/en\/wp-json\/wp\/v2\/types\/product"}],"replies":[{"embeddable":true,"href":"https:\/\/www.profaw.cl\/en\/wp-json\/wp\/v2\/comments?post=857"}],"wp:featuredmedia":[{"embeddable":true,"href":"https:\/\/www.profaw.cl\/en\/wp-json\/wp\/v2\/media\/1374"}],"wp:attachment":[{"href":"https:\/\/www.profaw.cl\/en\/wp-json\/wp\/v2\/media?parent=857"}],"wp:term":[{"taxonomy":"product_brand","embeddable":true,"href":"https:\/\/www.profaw.cl\/en\/wp-json\/wp\/v2\/product_brand?post=857"},{"taxonomy":"product_cat","embeddable":true,"href":"https:\/\/www.profaw.cl\/en\/wp-json\/wp\/v2\/product_cat?post=857"},{"taxonomy":"product_tag","embeddable":true,"href":"https:\/\/www.profaw.cl\/en\/wp-json\/wp\/v2\/product_tag?post=857"}],"curies":[{"name":"wp","href":"https:\/\/api.w.org\/{rel}","templated":true}]}}