{"id":855,"date":"2020-08-25T14:15:16","date_gmt":"2020-08-25T18:15:16","guid":{"rendered":"https:\/\/www.profaw.cl\/producto\/import-placeholder-for-14\/"},"modified":"2024-11-20T18:28:40","modified_gmt":"2024-11-20T21:28:40","slug":"mortero-de-forma-tradicional","status":"publish","type":"product","link":"https:\/\/www.profaw.cl\/en\/mortero-de-forma-tradicional\/","title":{"rendered":"Mortero De Piedra"},"content":{"rendered":"<p>Dise\u00f1o \u00danico<\/p>\n<p>Elaborado a mano dise\u00f1o \u00fanico, mortero de piedra basalt\u00edca de forma tradicional y contempor\u00e1nea para la elaboraci\u00f3n de este mortero lo primero es recolectar la materia prima ( bolones ) es una piedra redonda de un tama\u00f1o desde los 40 a 60 cm, que fue extra\u00edda desde el r\u00edo maule. La manufacturaci\u00f3n de este mortero es de un 50% manual usando herramientas tales como; combo, puntero, cincel, cesto, escuadras, comp\u00e1s, graneador, l\u00e1piz. el otro 50% es el uso de maquinas tales como; Esmeriles angulares,con discos de corte desmantelado y copas diamantadas, los esmeriles son usados manualmente y dan\u00a0 la rapidez de la hechura del mortero. Porque al hacerlo en su totalidad en forma manual ser\u00eda mayor el costo de una pieza de mortero por su tiempo de fabricaci\u00f3n que son de 4 a 7 d\u00edas<\/p>\n<p>DIMENSIONES &#8211; largo 30 cm &#8211; ancho 20 cm &#8211; alto 18 cm &#8211; peso 11 kilos.<\/p>\n<p>&nbsp;<\/p>","protected":false},"excerpt":{"rendered":"<p>MORTERO DE PIEDRA BASALTICA<\/p>","protected":false},"featured_media":970,"comment_status":"open","ping_status":"closed","template":"","meta":{"_kad_blocks_custom_css":"","_kad_blocks_head_custom_js":"","_kad_blocks_body_custom_js":"","_kad_blocks_footer_custom_js":"","_kad_post_transparent":"default","_kad_post_title":"","_kad_post_layout":"default","_kad_post_sidebar_id":"","_kad_post_content_style":"default","_kad_post_vertical_padding":"default","_kad_post_feature":"","_kad_post_feature_position":"","_kad_post_header":false,"_kad_post_footer":false,"_kad_post_classname":""},"product_brand":[],"product_cat":[33],"product_tag":[34],"class_list":{"0":"post-855","1":"product","2":"type-product","3":"status-publish","4":"has-post-thumbnail","6":"product_cat-piedra","7":"product_tag-pelarco","9":"first","10":"instock","11":"shipping-taxable","12":"purchasable","13":"product-type-simple","14":"entry","15":"content-bg","16":"loop-entry"},"taxonomy_info":{"product_cat":[{"value":33,"label":"Piedra"}],"product_tag":[{"value":34,"label":"Pelarco"}]},"featured_image_src_large":["https:\/\/www.profaw.cl\/wp-content\/uploads\/2020\/08\/14-1024x683.jpg",1024,683,true],"author_info":[],"comment_info":0,"_links":{"self":[{"href":"https:\/\/www.profaw.cl\/en\/wp-json\/wp\/v2\/product\/855","targetHints":{"allow":["GET"]}}],"collection":[{"href":"https:\/\/www.profaw.cl\/en\/wp-json\/wp\/v2\/product"}],"about":[{"href":"https:\/\/www.profaw.cl\/en\/wp-json\/wp\/v2\/types\/product"}],"replies":[{"embeddable":true,"href":"https:\/\/www.profaw.cl\/en\/wp-json\/wp\/v2\/comments?post=855"}],"wp:featuredmedia":[{"embeddable":true,"href":"https:\/\/www.profaw.cl\/en\/wp-json\/wp\/v2\/media\/970"}],"wp:attachment":[{"href":"https:\/\/www.profaw.cl\/en\/wp-json\/wp\/v2\/media?parent=855"}],"wp:term":[{"taxonomy":"product_brand","embeddable":true,"href":"https:\/\/www.profaw.cl\/en\/wp-json\/wp\/v2\/product_brand?post=855"},{"taxonomy":"product_cat","embeddable":true,"href":"https:\/\/www.profaw.cl\/en\/wp-json\/wp\/v2\/product_cat?post=855"},{"taxonomy":"product_tag","embeddable":true,"href":"https:\/\/www.profaw.cl\/en\/wp-json\/wp\/v2\/product_tag?post=855"}],"curies":[{"name":"wp","href":"https:\/\/api.w.org\/{rel}","templated":true}]}}