{"id":854,"date":"2020-08-25T18:15:15","date_gmt":"2020-08-25T22:15:15","guid":{"rendered":"https:\/\/www.profaw.cl\/producto\/import-placeholder-for-13\/"},"modified":"2025-11-08T11:49:49","modified_gmt":"2025-11-08T14:49:49","slug":"mortero-de-tres-concavidades-piedra-de-granito","status":"publish","type":"product","link":"https:\/\/www.profaw.cl\/en\/mortero-de-tres-concavidades-piedra-de-granito\/","title":{"rendered":"three-concavity mortar"},"content":{"rendered":"<p>Mortero de tres cuencos c\u00f3ncavo fondo perfectamente curvo, de modo que los ingredientes que se vac\u00edan en el caigan por inercia al centro. adem\u00e1s lo acompa\u00f1a una pieza tubular que act\u00faa como macerador, dise\u00f1o \u00fanico hecho a mano y con identidad local. Obra realizada por artesano de localidad de astillero alto Pelarc\u00f3 7 Regi\u00f3n chile ( Jos\u00e9 Lu\u00eds Gonz\u00e1lez ).<\/p>\n<p>Dimensiones: Largo 34 &#8211; Ancho 35 &#8211; Alto 10 &#8211; Peso 11 k.<\/p>\n<p>&nbsp;<\/p>","protected":false},"excerpt":{"rendered":"<p>PIEDRA DE GRANITO<\/p>","protected":false},"featured_media":966,"comment_status":"open","ping_status":"closed","template":"","meta":{"_kad_blocks_custom_css":"","_kad_blocks_head_custom_js":"","_kad_blocks_body_custom_js":"","_kad_blocks_footer_custom_js":"","_kad_post_transparent":"default","_kad_post_title":"","_kad_post_layout":"default","_kad_post_sidebar_id":"","_kad_post_content_style":"default","_kad_post_vertical_padding":"default","_kad_post_feature":"","_kad_post_feature_position":"","_kad_post_header":false,"_kad_post_footer":false,"_kad_post_classname":""},"product_brand":[],"product_cat":[33],"product_tag":[34],"class_list":{"0":"post-854","1":"product","2":"type-product","3":"status-publish","4":"has-post-thumbnail","6":"product_cat-piedra","7":"product_tag-pelarco","9":"first","10":"instock","11":"shipping-taxable","12":"purchasable","13":"product-type-simple","14":"entry","15":"content-bg","16":"loop-entry"},"taxonomy_info":{"product_cat":[{"value":33,"label":"Piedra"}],"product_tag":[{"value":34,"label":"Pelarco"}]},"featured_image_src_large":["https:\/\/www.profaw.cl\/wp-content\/uploads\/2020\/08\/13-1024x683.jpg",1024,683,true],"author_info":[],"comment_info":0,"_links":{"self":[{"href":"https:\/\/www.profaw.cl\/en\/wp-json\/wp\/v2\/product\/854","targetHints":{"allow":["GET"]}}],"collection":[{"href":"https:\/\/www.profaw.cl\/en\/wp-json\/wp\/v2\/product"}],"about":[{"href":"https:\/\/www.profaw.cl\/en\/wp-json\/wp\/v2\/types\/product"}],"replies":[{"embeddable":true,"href":"https:\/\/www.profaw.cl\/en\/wp-json\/wp\/v2\/comments?post=854"}],"wp:featuredmedia":[{"embeddable":true,"href":"https:\/\/www.profaw.cl\/en\/wp-json\/wp\/v2\/media\/966"}],"wp:attachment":[{"href":"https:\/\/www.profaw.cl\/en\/wp-json\/wp\/v2\/media?parent=854"}],"wp:term":[{"taxonomy":"product_brand","embeddable":true,"href":"https:\/\/www.profaw.cl\/en\/wp-json\/wp\/v2\/product_brand?post=854"},{"taxonomy":"product_cat","embeddable":true,"href":"https:\/\/www.profaw.cl\/en\/wp-json\/wp\/v2\/product_cat?post=854"},{"taxonomy":"product_tag","embeddable":true,"href":"https:\/\/www.profaw.cl\/en\/wp-json\/wp\/v2\/product_tag?post=854"}],"curies":[{"name":"wp","href":"https:\/\/api.w.org\/{rel}","templated":true}]}}