{"id":847,"date":"2020-08-25T14:15:15","date_gmt":"2020-08-25T18:15:15","guid":{"rendered":"https:\/\/www.profaw.cl\/producto\/import-placeholder-for-6\/"},"modified":"2024-11-20T18:29:29","modified_gmt":"2024-11-20T21:29:29","slug":"muneca-de-adorno","status":"publish","type":"product","link":"https:\/\/www.profaw.cl\/en\/muneca-de-adorno\/","title":{"rendered":"Ornament Doll"},"content":{"rendered":"<p>Fabricado por artesana de WICHUQUEN Regi\u00f3n del ma\u00fale chile, mu\u00f1equita hecha a mano y con materiales reciclados. Su relleno es de lana de oveja y su vestido rojo es de tela llamada Ravena, chaleco es de lana. Su cabello es de lana color negro y su cintillo se componen de tres flores de terciopelo y su carita es pintada con pintura acr\u00edlica. Esta mu\u00f1eca sirve para adornar tu hogar o para ni\u00f1itas .<\/p>\n<p>DIMENCIONES-largo 25cm- ancho 12 cm .<\/p>","protected":false},"excerpt":{"rendered":"<p>MU\u00d1ECA HERMOSA<\/p>","protected":false},"featured_media":942,"comment_status":"open","ping_status":"closed","template":"","meta":{"_kad_blocks_custom_css":"","_kad_blocks_head_custom_js":"","_kad_blocks_body_custom_js":"","_kad_blocks_footer_custom_js":"","_kad_post_transparent":"default","_kad_post_title":"","_kad_post_layout":"default","_kad_post_sidebar_id":"","_kad_post_content_style":"default","_kad_post_vertical_padding":"default","_kad_post_feature":"","_kad_post_feature_position":"","_kad_post_header":false,"_kad_post_footer":false,"_kad_post_classname":""},"product_brand":[],"product_cat":[28],"product_tag":[29],"class_list":{"0":"post-847","1":"product","2":"type-product","3":"status-publish","4":"has-post-thumbnail","6":"product_cat-textil","7":"product_tag-vichuquen","9":"first","10":"instock","11":"shipping-taxable","12":"purchasable","13":"product-type-simple","14":"entry","15":"content-bg","16":"loop-entry"},"taxonomy_info":{"product_cat":[{"value":28,"label":"Textil"}],"product_tag":[{"value":29,"label":"Vichuqu\u00e9n"}]},"featured_image_src_large":["https:\/\/www.profaw.cl\/wp-content\/uploads\/2020\/08\/6-1024x683.jpg",1024,683,true],"author_info":[],"comment_info":0,"_links":{"self":[{"href":"https:\/\/www.profaw.cl\/en\/wp-json\/wp\/v2\/product\/847","targetHints":{"allow":["GET"]}}],"collection":[{"href":"https:\/\/www.profaw.cl\/en\/wp-json\/wp\/v2\/product"}],"about":[{"href":"https:\/\/www.profaw.cl\/en\/wp-json\/wp\/v2\/types\/product"}],"replies":[{"embeddable":true,"href":"https:\/\/www.profaw.cl\/en\/wp-json\/wp\/v2\/comments?post=847"}],"wp:featuredmedia":[{"embeddable":true,"href":"https:\/\/www.profaw.cl\/en\/wp-json\/wp\/v2\/media\/942"}],"wp:attachment":[{"href":"https:\/\/www.profaw.cl\/en\/wp-json\/wp\/v2\/media?parent=847"}],"wp:term":[{"taxonomy":"product_brand","embeddable":true,"href":"https:\/\/www.profaw.cl\/en\/wp-json\/wp\/v2\/product_brand?post=847"},{"taxonomy":"product_cat","embeddable":true,"href":"https:\/\/www.profaw.cl\/en\/wp-json\/wp\/v2\/product_cat?post=847"},{"taxonomy":"product_tag","embeddable":true,"href":"https:\/\/www.profaw.cl\/en\/wp-json\/wp\/v2\/product_tag?post=847"}],"curies":[{"name":"wp","href":"https:\/\/api.w.org\/{rel}","templated":true}]}}