{"id":845,"date":"2020-08-25T18:15:15","date_gmt":"2020-08-25T22:15:15","guid":{"rendered":"https:\/\/www.profaw.cl\/producto\/import-placeholder-for-4\/"},"modified":"2025-11-08T11:49:50","modified_gmt":"2025-11-08T14:49:50","slug":"brujitas-de-aquelarre","status":"publish","type":"product","link":"https:\/\/www.profaw.cl\/en\/brujitas-de-aquelarre\/","title":{"rendered":"Brujitas De Aquelarre"},"content":{"rendered":"<p>Brujitas de aquelarre para la decoraci\u00f3n en cualquier espacio de tu hogar. Dise\u00f1o inspirado en las fabulas de nuestros antepasados, seg\u00fan sus historias las brujitas de aquelarre se reun\u00edan alrededor de un brasero a compartir sus secretos de\u00a0 hechizos. Se caracterizaban por ser seres fant\u00e1sticas y m\u00e1gicas se dec\u00eda que no exist\u00edan otras localidades con tanto misterio, encanto y magia como las brujitas de aquelarre. Hay muchas historias incre\u00edbles mas que contar, brujitas de las fotos, se componen de telas recicladas como gasa, terciopelo, lana, tela y su escobita de madera para desplazarse.<\/p>\n<p>DIMENSIONES- largo 20 cm<\/p>","protected":false},"excerpt":{"rendered":"<p>TELA, LANA, GASA<\/p>","protected":false},"featured_media":3144,"comment_status":"open","ping_status":"closed","template":"","meta":{"_kad_blocks_custom_css":"","_kad_blocks_head_custom_js":"","_kad_blocks_body_custom_js":"","_kad_blocks_footer_custom_js":"","_kad_post_transparent":"default","_kad_post_title":"","_kad_post_layout":"default","_kad_post_sidebar_id":"","_kad_post_content_style":"default","_kad_post_vertical_padding":"default","_kad_post_feature":"","_kad_post_feature_position":"","_kad_post_header":false,"_kad_post_footer":false,"_kad_post_classname":""},"product_brand":[],"product_cat":[28],"product_tag":[29],"class_list":{"0":"post-845","1":"product","2":"type-product","3":"status-publish","4":"has-post-thumbnail","6":"product_cat-textil","7":"product_tag-vichuquen","9":"first","10":"instock","11":"shipping-taxable","12":"purchasable","13":"product-type-simple","14":"entry","15":"content-bg","16":"loop-entry"},"taxonomy_info":{"product_cat":[{"value":28,"label":"Textil"}],"product_tag":[{"value":29,"label":"Vichuqu\u00e9n"}]},"featured_image_src_large":["https:\/\/www.profaw.cl\/wp-content\/uploads\/2021\/03\/IMG_20210305_191243-1-794x1024.jpg",794,1024,true],"author_info":[],"comment_info":0,"_links":{"self":[{"href":"https:\/\/www.profaw.cl\/en\/wp-json\/wp\/v2\/product\/845","targetHints":{"allow":["GET"]}}],"collection":[{"href":"https:\/\/www.profaw.cl\/en\/wp-json\/wp\/v2\/product"}],"about":[{"href":"https:\/\/www.profaw.cl\/en\/wp-json\/wp\/v2\/types\/product"}],"replies":[{"embeddable":true,"href":"https:\/\/www.profaw.cl\/en\/wp-json\/wp\/v2\/comments?post=845"}],"wp:featuredmedia":[{"embeddable":true,"href":"https:\/\/www.profaw.cl\/en\/wp-json\/wp\/v2\/media\/3144"}],"wp:attachment":[{"href":"https:\/\/www.profaw.cl\/en\/wp-json\/wp\/v2\/media?parent=845"}],"wp:term":[{"taxonomy":"product_brand","embeddable":true,"href":"https:\/\/www.profaw.cl\/en\/wp-json\/wp\/v2\/product_brand?post=845"},{"taxonomy":"product_cat","embeddable":true,"href":"https:\/\/www.profaw.cl\/en\/wp-json\/wp\/v2\/product_cat?post=845"},{"taxonomy":"product_tag","embeddable":true,"href":"https:\/\/www.profaw.cl\/en\/wp-json\/wp\/v2\/product_tag?post=845"}],"curies":[{"name":"wp","href":"https:\/\/api.w.org\/{rel}","templated":true}]}}