{"id":842,"date":"2020-08-25T14:15:14","date_gmt":"2020-08-25T18:15:14","guid":{"rendered":"https:\/\/www.profaw.cl\/producto\/import-placeholder-for-1\/"},"modified":"2024-11-20T18:29:01","modified_gmt":"2024-11-20T21:29:01","slug":"dos-bajadas-de-cama-color-rojo-lana-100","status":"publish","type":"product","link":"https:\/\/www.profaw.cl\/en\/dos-bajadas-de-cama-color-rojo-lana-100\/","title":{"rendered":"Dos Bajadas De Cama Color Rojo Lana 100%"},"content":{"rendered":"<p>Elaborados por artesana de QUINAMAV\u00cdDA 7 Regi\u00f3n CHILE hecho a mano, material lana 100 % natural el proceso de te\u00f1ido se basa en colores sacados de la vegetaci\u00f3n. Y los minerales presentes en la naturaleza seg\u00fan las t\u00e9cnicas ind\u00edgenas, que se han traspasado por a\u00f1os para dar este rojo intenso se recurri\u00f3 a la barba de hualle.<\/p>\n<p>DIMENSIONES &#8211; largo 135 cm- ancho 70 cm &#8211; alto 1cm- peso 500 gr<\/p>\n<p>&nbsp;<\/p>\n<p>&nbsp;<\/p>\n<p>&nbsp;<\/p>\n<p>&nbsp;<\/p>","protected":false},"excerpt":{"rendered":"<p>LANA DE OVEJA QUINAMAVIDA<\/p>","protected":false},"featured_media":922,"comment_status":"open","ping_status":"closed","template":"","meta":{"_kad_blocks_custom_css":"","_kad_blocks_head_custom_js":"","_kad_blocks_body_custom_js":"","_kad_blocks_footer_custom_js":"","_kad_post_transparent":"default","_kad_post_title":"","_kad_post_layout":"default","_kad_post_sidebar_id":"","_kad_post_content_style":"default","_kad_post_vertical_padding":"default","_kad_post_feature":"","_kad_post_feature_position":"","_kad_post_header":false,"_kad_post_footer":false,"_kad_post_classname":""},"product_brand":[],"product_cat":[26],"product_tag":[27],"class_list":{"0":"post-842","1":"product","2":"type-product","3":"status-publish","4":"has-post-thumbnail","6":"product_cat-lana","7":"product_tag-quinamavida","9":"first","10":"instock","11":"shipping-taxable","12":"purchasable","13":"product-type-simple","14":"entry","15":"content-bg","16":"loop-entry"},"taxonomy_info":{"product_cat":[{"value":26,"label":"Lana"}],"product_tag":[{"value":27,"label":"Quinamavida"}]},"featured_image_src_large":["https:\/\/www.profaw.cl\/wp-content\/uploads\/2020\/08\/1.1-1024x683.jpg",1024,683,true],"author_info":[],"comment_info":0,"_links":{"self":[{"href":"https:\/\/www.profaw.cl\/en\/wp-json\/wp\/v2\/product\/842","targetHints":{"allow":["GET"]}}],"collection":[{"href":"https:\/\/www.profaw.cl\/en\/wp-json\/wp\/v2\/product"}],"about":[{"href":"https:\/\/www.profaw.cl\/en\/wp-json\/wp\/v2\/types\/product"}],"replies":[{"embeddable":true,"href":"https:\/\/www.profaw.cl\/en\/wp-json\/wp\/v2\/comments?post=842"}],"wp:featuredmedia":[{"embeddable":true,"href":"https:\/\/www.profaw.cl\/en\/wp-json\/wp\/v2\/media\/922"}],"wp:attachment":[{"href":"https:\/\/www.profaw.cl\/en\/wp-json\/wp\/v2\/media?parent=842"}],"wp:term":[{"taxonomy":"product_brand","embeddable":true,"href":"https:\/\/www.profaw.cl\/en\/wp-json\/wp\/v2\/product_brand?post=842"},{"taxonomy":"product_cat","embeddable":true,"href":"https:\/\/www.profaw.cl\/en\/wp-json\/wp\/v2\/product_cat?post=842"},{"taxonomy":"product_tag","embeddable":true,"href":"https:\/\/www.profaw.cl\/en\/wp-json\/wp\/v2\/product_tag?post=842"}],"curies":[{"name":"wp","href":"https:\/\/api.w.org\/{rel}","templated":true}]}}