{"id":3479,"date":"2022-08-30T18:50:47","date_gmt":"2022-08-30T22:50:47","guid":{"rendered":"https:\/\/www.profaw.cl\/?post_type=product&#038;p=3479"},"modified":"2025-11-08T12:13:44","modified_gmt":"2025-11-08T15:13:44","slug":"m","status":"publish","type":"product","link":"https:\/\/www.profaw.cl\/en\/m\/","title":{"rendered":"Mortero De Piedra de Granito"},"content":{"rendered":"<p>Elaborado a mano dise\u00f1o \u00fanico, mortero de piedra granito de forma tradicional y contempor\u00e1nea para la elaboraci\u00f3n de este mortero lo primero es recolectar la materia prima ( bolones ) es una piedra redonda de un tama\u00f1o desde los 30 a 50 cm, que fue extra\u00edda desde el r\u00edo ma\u00fale. La manufacturaci\u00f3n de este mortero es de un 50% manual usando herramientas tales como; combo, puntero, cincel, cesto, escuadras, comp\u00e1s, graneador, l\u00e1piz. El otro 50% es el uso de maquinas tales como; Esmeriles angulares, con discos de corte desmantelado y copas diamantadas, los esmeriles son usados manualmente y dan la rapidez de la hechura del mortero<\/p>","protected":false},"excerpt":{"rendered":"<p>Elaborado a mano dise\u00f1o \u00fanico, mortero de piedra granito de forma tradicional y contempor\u00e1nea para la elaboraci\u00f3n de este mortero lo primero es recolectar la materia prima ( bolones ) es una piedra redonda de un tama\u00f1o desde los 30 a 50 cm, que fue extra\u00edda desde el r\u00edo ma\u00fale. La manufacturaci\u00f3n de este mortero&#8230;<\/p>","protected":false},"featured_media":3481,"comment_status":"open","ping_status":"closed","template":"","meta":{"_kad_blocks_custom_css":"","_kad_blocks_head_custom_js":"","_kad_blocks_body_custom_js":"","_kad_blocks_footer_custom_js":"","_kad_post_transparent":"default","_kad_post_title":"","_kad_post_layout":"default","_kad_post_sidebar_id":"","_kad_post_content_style":"default","_kad_post_vertical_padding":"default","_kad_post_feature":"","_kad_post_feature_position":"","_kad_post_header":false,"_kad_post_footer":false,"_kad_post_classname":""},"product_brand":[],"product_cat":[33],"product_tag":[],"class_list":{"0":"post-3479","1":"product","2":"type-product","3":"status-publish","4":"has-post-thumbnail","6":"product_cat-piedra","8":"first","9":"instock","10":"shipping-taxable","11":"purchasable","12":"product-type-simple","13":"entry","14":"content-bg","15":"loop-entry"},"taxonomy_info":{"product_cat":[{"value":33,"label":"Piedra"}]},"featured_image_src_large":["https:\/\/www.profaw.cl\/wp-content\/uploads\/2022\/08\/IMG_20220830_185306-1024x689.jpg",1024,689,true],"author_info":[],"comment_info":0,"_links":{"self":[{"href":"https:\/\/www.profaw.cl\/en\/wp-json\/wp\/v2\/product\/3479","targetHints":{"allow":["GET"]}}],"collection":[{"href":"https:\/\/www.profaw.cl\/en\/wp-json\/wp\/v2\/product"}],"about":[{"href":"https:\/\/www.profaw.cl\/en\/wp-json\/wp\/v2\/types\/product"}],"replies":[{"embeddable":true,"href":"https:\/\/www.profaw.cl\/en\/wp-json\/wp\/v2\/comments?post=3479"}],"wp:featuredmedia":[{"embeddable":true,"href":"https:\/\/www.profaw.cl\/en\/wp-json\/wp\/v2\/media\/3481"}],"wp:attachment":[{"href":"https:\/\/www.profaw.cl\/en\/wp-json\/wp\/v2\/media?parent=3479"}],"wp:term":[{"taxonomy":"product_brand","embeddable":true,"href":"https:\/\/www.profaw.cl\/en\/wp-json\/wp\/v2\/product_brand?post=3479"},{"taxonomy":"product_cat","embeddable":true,"href":"https:\/\/www.profaw.cl\/en\/wp-json\/wp\/v2\/product_cat?post=3479"},{"taxonomy":"product_tag","embeddable":true,"href":"https:\/\/www.profaw.cl\/en\/wp-json\/wp\/v2\/product_tag?post=3479"}],"curies":[{"name":"wp","href":"https:\/\/api.w.org\/{rel}","templated":true}]}}