{"id":3324,"date":"2022-04-29T18:48:40","date_gmt":"2022-04-29T22:48:40","guid":{"rendered":"https:\/\/www.profaw.cl\/?post_type=product&#038;p=3324"},"modified":"2025-11-08T12:13:47","modified_gmt":"2025-11-08T15:13:47","slug":"posillo-de-greda-blanca","status":"publish","type":"product","link":"https:\/\/www.profaw.cl\/en\/posillo-de-greda-blanca\/","title":{"rendered":"Pocillo De Greda Blanca"},"content":{"rendered":"<p>Producto elaborado por alfarera, de localidad de Vichuqu\u00e9n s\u00e9ptima Regi\u00f3n Del Ma\u00fale.<\/p>","protected":false},"excerpt":{"rendered":"<p>Producto elaborado por alfarera, de localidad de Vichuqu\u00e9n s\u00e9ptima Regi\u00f3n Del Ma\u00fale. La greda tiene la ventaja de mantener a temperatura alta los alimentos, y da un toque especial a las comidas preparadas en este tipo de pocillos.<\/p>","protected":false},"featured_media":3322,"comment_status":"open","ping_status":"closed","template":"","meta":{"_kad_blocks_custom_css":"","_kad_blocks_head_custom_js":"","_kad_blocks_body_custom_js":"","_kad_blocks_footer_custom_js":"","_kad_post_transparent":"default","_kad_post_title":"","_kad_post_layout":"default","_kad_post_sidebar_id":"","_kad_post_content_style":"default","_kad_post_vertical_padding":"default","_kad_post_feature":"","_kad_post_feature_position":"","_kad_post_header":false,"_kad_post_footer":false,"_kad_post_classname":""},"product_brand":[],"product_cat":[30,15],"product_tag":[],"class_list":{"0":"post-3324","1":"product","2":"type-product","3":"status-publish","4":"has-post-thumbnail","6":"product_cat-greda","7":"product_cat-otro","9":"first","10":"instock","11":"shipping-taxable","12":"purchasable","13":"product-type-simple","14":"entry","15":"content-bg","16":"loop-entry"},"taxonomy_info":{"product_cat":[{"value":30,"label":"Greda"},{"value":15,"label":"Otro"}]},"featured_image_src_large":["https:\/\/www.profaw.cl\/wp-content\/uploads\/2022\/04\/posillo-hoy-1-1024x606.jpg",1024,606,true],"author_info":[],"comment_info":0,"_links":{"self":[{"href":"https:\/\/www.profaw.cl\/en\/wp-json\/wp\/v2\/product\/3324","targetHints":{"allow":["GET"]}}],"collection":[{"href":"https:\/\/www.profaw.cl\/en\/wp-json\/wp\/v2\/product"}],"about":[{"href":"https:\/\/www.profaw.cl\/en\/wp-json\/wp\/v2\/types\/product"}],"replies":[{"embeddable":true,"href":"https:\/\/www.profaw.cl\/en\/wp-json\/wp\/v2\/comments?post=3324"}],"wp:featuredmedia":[{"embeddable":true,"href":"https:\/\/www.profaw.cl\/en\/wp-json\/wp\/v2\/media\/3322"}],"wp:attachment":[{"href":"https:\/\/www.profaw.cl\/en\/wp-json\/wp\/v2\/media?parent=3324"}],"wp:term":[{"taxonomy":"product_brand","embeddable":true,"href":"https:\/\/www.profaw.cl\/en\/wp-json\/wp\/v2\/product_brand?post=3324"},{"taxonomy":"product_cat","embeddable":true,"href":"https:\/\/www.profaw.cl\/en\/wp-json\/wp\/v2\/product_cat?post=3324"},{"taxonomy":"product_tag","embeddable":true,"href":"https:\/\/www.profaw.cl\/en\/wp-json\/wp\/v2\/product_tag?post=3324"}],"curies":[{"name":"wp","href":"https:\/\/api.w.org\/{rel}","templated":true}]}}