{"id":2794,"date":"2020-10-14T17:36:19","date_gmt":"2020-10-14T20:36:19","guid":{"rendered":"https:\/\/www.profaw.cl\/?post_type=product&#038;p=2794"},"modified":"2025-11-08T11:49:41","modified_gmt":"2025-11-08T14:49:41","slug":"lampara-farol-en-greda","status":"publish","type":"product","link":"https:\/\/www.profaw.cl\/en\/lampara-farol-en-greda\/","title":{"rendered":"Lampara Farol En Greda"},"content":{"rendered":"<p style=\"text-align: left;\">Elaboraci\u00f3n a mano ideal para jard\u00edn o interior, sirve como l\u00e1mpara con vela o bombilla de luz. Est\u00e1 fabricada de forma totalmente artesanal, por artesano de la comuna de VICHUQUEN 7 Regi\u00f3n maule.<\/p>","protected":false},"excerpt":{"rendered":"<p>GREDA DE VICHUQUEN<\/p>","protected":false},"featured_media":3307,"comment_status":"open","ping_status":"closed","template":"","meta":{"_kad_blocks_custom_css":"","_kad_blocks_head_custom_js":"","_kad_blocks_body_custom_js":"","_kad_blocks_footer_custom_js":"","_kad_post_transparent":"default","_kad_post_title":"","_kad_post_layout":"default","_kad_post_sidebar_id":"","_kad_post_content_style":"default","_kad_post_vertical_padding":"default","_kad_post_feature":"","_kad_post_feature_position":"","_kad_post_header":false,"_kad_post_footer":false,"_kad_post_classname":""},"product_brand":[],"product_cat":[30],"product_tag":[],"class_list":{"0":"post-2794","1":"product","2":"type-product","3":"status-publish","4":"has-post-thumbnail","6":"product_cat-greda","8":"first","9":"instock","10":"shipping-taxable","11":"purchasable","12":"product-type-simple","13":"entry","14":"content-bg","15":"loop-entry"},"taxonomy_info":{"product_cat":[{"value":30,"label":"Greda"}]},"featured_image_src_large":["https:\/\/www.profaw.cl\/wp-content\/uploads\/2020\/10\/MG_3247-1024x1024.jpg",1024,1024,true],"author_info":[],"comment_info":0,"_links":{"self":[{"href":"https:\/\/www.profaw.cl\/en\/wp-json\/wp\/v2\/product\/2794","targetHints":{"allow":["GET"]}}],"collection":[{"href":"https:\/\/www.profaw.cl\/en\/wp-json\/wp\/v2\/product"}],"about":[{"href":"https:\/\/www.profaw.cl\/en\/wp-json\/wp\/v2\/types\/product"}],"replies":[{"embeddable":true,"href":"https:\/\/www.profaw.cl\/en\/wp-json\/wp\/v2\/comments?post=2794"}],"wp:featuredmedia":[{"embeddable":true,"href":"https:\/\/www.profaw.cl\/en\/wp-json\/wp\/v2\/media\/3307"}],"wp:attachment":[{"href":"https:\/\/www.profaw.cl\/en\/wp-json\/wp\/v2\/media?parent=2794"}],"wp:term":[{"taxonomy":"product_brand","embeddable":true,"href":"https:\/\/www.profaw.cl\/en\/wp-json\/wp\/v2\/product_brand?post=2794"},{"taxonomy":"product_cat","embeddable":true,"href":"https:\/\/www.profaw.cl\/en\/wp-json\/wp\/v2\/product_cat?post=2794"},{"taxonomy":"product_tag","embeddable":true,"href":"https:\/\/www.profaw.cl\/en\/wp-json\/wp\/v2\/product_tag?post=2794"}],"curies":[{"name":"wp","href":"https:\/\/api.w.org\/{rel}","templated":true}]}}