{"id":2753,"date":"2020-10-12T15:41:11","date_gmt":"2020-10-12T18:41:11","guid":{"rendered":"https:\/\/www.profaw.cl\/?post_type=product&#038;p=2753"},"modified":"2025-11-08T11:49:43","modified_gmt":"2025-11-08T14:49:43","slug":"conjunto-colgante-y-aros-en-crin","status":"publish","type":"product","link":"https:\/\/www.profaw.cl\/en\/conjunto-colgante-y-aros-en-crin\/","title":{"rendered":"horsehair pendant and earrings set"},"content":{"rendered":"<p style=\"text-align: left;\">Obra de artesan\u00eda hecha a mano, los c\u00edrculos se componen de crin minuciosamente tejidos destacan colores naturales de crin y otros te\u00f1idos,\u00a0 gancho de aros\u00a0 y circulo de colgante es\u00a0 plata llamado ba\u00f1o de plata brasile\u00f1a de 950. La comunidad de artesanas de Rari fue reconocida tesoros humanos vivos el 2010 por el consejo nacional de las culturas y las artes y UNESCO, y declarada cuidad artesanal del mundo el 2015 por World Crafts Council.<\/p>\n<p>DIMENSIONES- colgante largo 30 mm &#8211; aros circulo 6mm.<\/p>","protected":false},"excerpt":{"rendered":"<p>RAR\u00cd &#8211; CR\u00cdN<\/p>","protected":false},"featured_media":3295,"comment_status":"open","ping_status":"closed","template":"","meta":{"_kad_blocks_custom_css":"","_kad_blocks_head_custom_js":"","_kad_blocks_body_custom_js":"","_kad_blocks_footer_custom_js":"","_kad_post_transparent":"default","_kad_post_title":"","_kad_post_layout":"default","_kad_post_sidebar_id":"","_kad_post_content_style":"default","_kad_post_vertical_padding":"default","_kad_post_feature":"","_kad_post_feature_position":"","_kad_post_header":false,"_kad_post_footer":false,"_kad_post_classname":""},"product_brand":[],"product_cat":[39],"product_tag":[],"class_list":{"0":"post-2753","1":"product","2":"type-product","3":"status-publish","4":"has-post-thumbnail","6":"product_cat-crin","8":"first","9":"instock","10":"shipping-taxable","11":"purchasable","12":"product-type-simple","13":"entry","14":"content-bg","15":"loop-entry"},"taxonomy_info":{"product_cat":[{"value":39,"label":"Crin"}]},"featured_image_src_large":["https:\/\/www.profaw.cl\/wp-content\/uploads\/2020\/10\/MG_3161-1-1024x1024.jpg",1024,1024,true],"author_info":[],"comment_info":0,"_links":{"self":[{"href":"https:\/\/www.profaw.cl\/en\/wp-json\/wp\/v2\/product\/2753","targetHints":{"allow":["GET"]}}],"collection":[{"href":"https:\/\/www.profaw.cl\/en\/wp-json\/wp\/v2\/product"}],"about":[{"href":"https:\/\/www.profaw.cl\/en\/wp-json\/wp\/v2\/types\/product"}],"replies":[{"embeddable":true,"href":"https:\/\/www.profaw.cl\/en\/wp-json\/wp\/v2\/comments?post=2753"}],"wp:featuredmedia":[{"embeddable":true,"href":"https:\/\/www.profaw.cl\/en\/wp-json\/wp\/v2\/media\/3295"}],"wp:attachment":[{"href":"https:\/\/www.profaw.cl\/en\/wp-json\/wp\/v2\/media?parent=2753"}],"wp:term":[{"taxonomy":"product_brand","embeddable":true,"href":"https:\/\/www.profaw.cl\/en\/wp-json\/wp\/v2\/product_brand?post=2753"},{"taxonomy":"product_cat","embeddable":true,"href":"https:\/\/www.profaw.cl\/en\/wp-json\/wp\/v2\/product_cat?post=2753"},{"taxonomy":"product_tag","embeddable":true,"href":"https:\/\/www.profaw.cl\/en\/wp-json\/wp\/v2\/product_tag?post=2753"}],"curies":[{"name":"wp","href":"https:\/\/api.w.org\/{rel}","templated":true}]}}