{"id":1343,"date":"2020-08-28T18:04:20","date_gmt":"2020-08-28T22:04:20","guid":{"rendered":"https:\/\/www.profaw.cl\/producto\/import-placeholder-for-881\/"},"modified":"2025-11-08T11:49:47","modified_gmt":"2025-11-08T14:49:47","slug":"avutarda-africana-de-madera","status":"publish","type":"product","link":"https:\/\/www.profaw.cl\/en\/avutarda-africana-de-madera\/","title":{"rendered":"Avutarda Africana De Madera"},"content":{"rendered":"<p>Elaboraci\u00f3n en madera\u00a0 reciclada encontradas en diferentes localidades de la Regi\u00f3n del ma\u00fale la figura se compone de ( roble, pell\u00edn y naranjo) su base es de pino impregnada, hecho a mano por artesano de comuna de Licanten, el dise\u00f1o fue inspirado en\u00a0 la elegante avutarda africana, es una especie de ave otidiforme de la familia otididae bastante com\u00fan en las sabanas del centro y sur de \u00c1frica. Dise\u00f1o \u00fanico ideal para la decoraci\u00f3n de tu hogar tanto interior como exterior<\/p>\n<p>DIMENSIONES largo 31cm &#8211; alto 17 cm &#8211; ancho 44 cm &#8211; peso 6 kilos-<\/p>","protected":false},"excerpt":{"rendered":"<p>MADERA RECICLADA<\/p>","protected":false},"featured_media":3274,"comment_status":"open","ping_status":"closed","template":"","meta":{"_kad_blocks_custom_css":"","_kad_blocks_head_custom_js":"","_kad_blocks_body_custom_js":"","_kad_blocks_footer_custom_js":"","_kad_post_transparent":"default","_kad_post_title":"","_kad_post_layout":"default","_kad_post_sidebar_id":"","_kad_post_content_style":"default","_kad_post_vertical_padding":"default","_kad_post_feature":"","_kad_post_feature_position":"","_kad_post_header":false,"_kad_post_footer":false,"_kad_post_classname":""},"product_brand":[],"product_cat":[32],"product_tag":[46],"class_list":{"0":"post-1343","1":"product","2":"type-product","3":"status-publish","4":"has-post-thumbnail","6":"product_cat-madera","7":"product_tag-licanten","9":"first","10":"instock","11":"shipping-taxable","12":"purchasable","13":"product-type-simple","14":"entry","15":"content-bg","16":"loop-entry"},"taxonomy_info":{"product_cat":[{"value":32,"label":"Madera"}],"product_tag":[{"value":46,"label":"Licant\u00e9n"}]},"featured_image_src_large":["https:\/\/www.profaw.cl\/wp-content\/uploads\/2020\/08\/MG_3322-1-1024x1024.jpg",1024,1024,true],"author_info":[],"comment_info":0,"_links":{"self":[{"href":"https:\/\/www.profaw.cl\/en\/wp-json\/wp\/v2\/product\/1343","targetHints":{"allow":["GET"]}}],"collection":[{"href":"https:\/\/www.profaw.cl\/en\/wp-json\/wp\/v2\/product"}],"about":[{"href":"https:\/\/www.profaw.cl\/en\/wp-json\/wp\/v2\/types\/product"}],"replies":[{"embeddable":true,"href":"https:\/\/www.profaw.cl\/en\/wp-json\/wp\/v2\/comments?post=1343"}],"wp:featuredmedia":[{"embeddable":true,"href":"https:\/\/www.profaw.cl\/en\/wp-json\/wp\/v2\/media\/3274"}],"wp:attachment":[{"href":"https:\/\/www.profaw.cl\/en\/wp-json\/wp\/v2\/media?parent=1343"}],"wp:term":[{"taxonomy":"product_brand","embeddable":true,"href":"https:\/\/www.profaw.cl\/en\/wp-json\/wp\/v2\/product_brand?post=1343"},{"taxonomy":"product_cat","embeddable":true,"href":"https:\/\/www.profaw.cl\/en\/wp-json\/wp\/v2\/product_cat?post=1343"},{"taxonomy":"product_tag","embeddable":true,"href":"https:\/\/www.profaw.cl\/en\/wp-json\/wp\/v2\/product_tag?post=1343"}],"curies":[{"name":"wp","href":"https:\/\/api.w.org\/{rel}","templated":true}]}}